{"id":22,"date":"2015-02-18T10:42:37","date_gmt":"2015-02-18T10:42:37","guid":{"rendered":"http:\/\/zza.orlicemb.cz\/subdom\/zza\/?page_id=22"},"modified":"2015-04-20T19:26:48","modified_gmt":"2015-04-20T19:26:48","slug":"poradane-kurzy","status":"publish","type":"page","link":"https:\/\/zza.orlicemb.cz\/subdom\/zza\/poradane-kurzy\/","title":{"rendered":"KURZY PRVN\u00cd POMOCI"},"content":{"rendered":"<p><strong>ZZA<\/strong><\/p>\n<p>V sou\u010dasn\u00e9 dob\u011b po\u0159\u00e1d\u00e1me zejm\u00e9na kurz ZZA &#8211; Zdravotn\u00edk zotavovac\u00edch akc\u00ed. Jedn\u00e1 se o 40 hodinov\u00fd kurz akreditovan\u00fd M\u0160MT pro skauty i \u0161irokou ve\u0159ejnost star\u0161\u00ed 17ti let. V\u00fdstupem je dekret oprav\u0148uj\u00edc\u00ed vykon\u00e1vat zdravotn\u00edka nejen na skautsk\u00fdch t\u00e1borech, ale i akc\u00edch pro ve\u0159ejnost (sportovn\u00ed kurzy, \u0161koly v p\u0159\u00edrod\u011b apod.) Nejbli\u017e\u0161\u00ed kurz ZZA bude na ja\u0159e 2015.<\/p>\n<p><strong>Do\u0161kolen\u00ed ZZA<\/strong><\/p>\n<p>Do\u0161kolen\u00ed kurzu Zdravotn\u00edk zotavovac\u00edch akc\u00ed je 8 hodinov\u00fd kurz zakon\u010den\u00fd teoretickou a praktickou zkou\u0161kou. Z\u00fa\u010dastnit se ho mohou ti, kte\u0159\u00ed maj\u00ed za sebou kurz ZZA a pro\u0161la jim platnost dekretu.\u00a0 Absolvent z\u00edsk\u00e1 dekret o do\u0161kolen\u00ed. Nejbli\u017e\u0161\u00ed do\u0161kolen\u00ed pl\u00e1nujeme na podzim 2015.<\/p>\n<p><strong>PL\u00c1NUJEME<\/strong><\/p>\n<p><strong>Prvn\u00ed pomoc u kojenc\u016f, batolat a p\u0159ed\u0161koln\u00edch d\u011bt\u00ed<\/strong><\/p>\n<p>Tento kurz bude zam\u011b\u0159en na poskytov\u00e1n\u00ed prvn\u00ed pomoci mal\u00fdm d\u011btem &#8211; kojenc\u016fm, batolat\u016fm a p\u0159ed\u0161kolen\u00edm d\u011btem. Kurz bude ur\u010den nejenom mamink\u00e1m, ale tak\u00e9 tat\u00ednk\u016fm a dal\u0161\u00edm osob\u00e1m pe\u010duj\u00edc\u00edcm o mal\u00e9 d\u011bti. \u010casov\u00e1 dotace bude up\u0159esn\u011bna.<\/p>\n<p><strong>Kurz \u017divot zachra\u0148uj\u00edc\u00ed \u00fakony<\/strong><\/p>\n<p>Tento kurz bude zam\u011b\u0159en na \u017eivot zachra\u0148uj\u00edc\u00ed \u00fakony jako je resuscitace, z\u00e1stava krv\u00e1cen\u00ed, obnoven\u00ed d\u00fdch\u00e1n\u00ed, du\u0161en\u00ed apod. \u010casov\u00e1 dotace 4 hodiny.<\/p>\n<p>&nbsp;<\/p>\n<p>&nbsp;<\/p>\n<p>&nbsp;<\/p>\n","protected":false},"excerpt":{"rendered":"<p>ZZA V sou\u010dasn\u00e9 dob\u011b po\u0159\u00e1d\u00e1me zejm\u00e9na kurz ZZA &#8211; Zdravotn\u00edk zotavovac\u00edch akc\u00ed. Jedn\u00e1 se o 40 hodinov\u00fd kurz akreditovan\u00fd M\u0160MT pro skauty i \u0161irokou ve\u0159ejnost star\u0161\u00ed 17ti let. V\u00fdstupem je dekret oprav\u0148uj\u00edc\u00ed vykon\u00e1vat zdravotn\u00edka nejen na skautsk\u00fdch t\u00e1borech, ale i akc\u00edch pro ve\u0159ejnost (sportovn\u00ed kurzy, \u0161koly v p\u0159\u00edrod\u011b apod.) Nejbli\u017e\u0161\u00ed kurz ZZA bude na ja\u0159e [&hellip;]<\/p>\n","protected":false},"author":1,"featured_media":0,"parent":0,"menu_order":0,"comment_status":"closed","ping_status":"closed","template":"","meta":{"site-sidebar-layout":"default","site-content-layout":"","ast-site-content-layout":"default","site-content-style":"default","site-sidebar-style":"default","ast-global-header-display":"","ast-banner-title-visibility":"","ast-main-header-display":"","ast-hfb-above-header-display":"","ast-hfb-below-header-display":"","ast-hfb-mobile-header-display":"","site-post-title":"","ast-breadcrumbs-content":"","ast-featured-img":"","footer-sml-layout":"","ast-disable-related-posts":"","theme-transparent-header-meta":"","adv-header-id-meta":"","stick-header-meta":"","header-above-stick-meta":"","header-main-stick-meta":"","header-below-stick-meta":"","astra-migrate-meta-layouts":"default","ast-page-background-enabled":"default","ast-page-background-meta":{"desktop":{"background-color":"var(--ast-global-color-4)","background-image":"","background-repeat":"repeat","background-position":"center center","background-size":"auto","background-attachment":"scroll","background-type":"","background-media":"","overlay-type":"","overlay-color":"","overlay-opacity":"","overlay-gradient":""},"tablet":{"background-color":"","background-image":"","background-repeat":"repeat","background-position":"center center","background-size":"auto","background-attachment":"scroll","background-type":"","background-media":"","overlay-type":"","overlay-color":"","overlay-opacity":"","overlay-gradient":""},"mobile":{"background-color":"","background-image":"","background-repeat":"repeat","background-position":"center center","background-size":"auto","background-attachment":"scroll","background-type":"","background-media":"","overlay-type":"","overlay-color":"","overlay-opacity":"","overlay-gradient":""}},"ast-content-background-meta":{"desktop":{"background-color":"var(--ast-global-color-5)","background-image":"","background-repeat":"repeat","background-position":"center center","background-size":"auto","background-attachment":"scroll","background-type":"","background-media":"","overlay-type":"","overlay-color":"","overlay-opacity":"","overlay-gradient":""},"tablet":{"background-color":"var(--ast-global-color-5)","background-image":"","background-repeat":"repeat","background-position":"center center","background-size":"auto","background-attachment":"scroll","background-type":"","background-media":"","overlay-type":"","overlay-color":"","overlay-opacity":"","overlay-gradient":""},"mobile":{"background-color":"var(--ast-global-color-5)","background-image":"","background-repeat":"repeat","background-position":"center center","background-size":"auto","background-attachment":"scroll","background-type":"","background-media":"","overlay-type":"","overlay-color":"","overlay-opacity":"","overlay-gradient":""}},"footnotes":""},"class_list":["post-22","page","type-page","status-publish","hentry"],"_links":{"self":[{"href":"https:\/\/zza.orlicemb.cz\/subdom\/zza\/wp-json\/wp\/v2\/pages\/22","targetHints":{"allow":["GET"]}}],"collection":[{"href":"https:\/\/zza.orlicemb.cz\/subdom\/zza\/wp-json\/wp\/v2\/pages"}],"about":[{"href":"https:\/\/zza.orlicemb.cz\/subdom\/zza\/wp-json\/wp\/v2\/types\/page"}],"author":[{"embeddable":true,"href":"https:\/\/zza.orlicemb.cz\/subdom\/zza\/wp-json\/wp\/v2\/users\/1"}],"replies":[{"embeddable":true,"href":"https:\/\/zza.orlicemb.cz\/subdom\/zza\/wp-json\/wp\/v2\/comments?post=22"}],"version-history":[{"count":4,"href":"https:\/\/zza.orlicemb.cz\/subdom\/zza\/wp-json\/wp\/v2\/pages\/22\/revisions"}],"predecessor-version":[{"id":16982,"href":"https:\/\/zza.orlicemb.cz\/subdom\/zza\/wp-json\/wp\/v2\/pages\/22\/revisions\/16982"}],"wp:attachment":[{"href":"https:\/\/zza.orlicemb.cz\/subdom\/zza\/wp-json\/wp\/v2\/media?parent=22"}],"curies":[{"name":"wp","href":"https:\/\/api.w.org\/{rel}","templated":true}]}}