{"id":16444,"date":"2018-10-15T18:51:58","date_gmt":"2018-10-15T18:51:58","guid":{"rendered":"http:\/\/zza.orlicemb.cz\/subdom\/zza\/?page_id=16444"},"modified":"2026-02-13T09:16:09","modified_gmt":"2026-02-13T09:16:09","slug":"pravidla-kurzu-zza","status":"publish","type":"page","link":"https:\/\/zza.orlicemb.cz\/subdom\/zza\/pravidla-kurzu-zza\/","title":{"rendered":"Pravidla kurzu ZZA"},"content":{"rendered":"\n<h2 class=\"wp-block-heading\"><strong>Kurz se skl\u00e1d\u00e1 ze 2 v\u00edkendov\u00fdch v\u00fdukov\u00fdch setk\u00e1n\u00ed, kter\u00e9 zahrnuj\u00ed zkou\u0161ky<\/strong><\/h2>\n\n\n\n<ol class=\"wp-block-list\">\n<li>Pro \u00fasp\u011b\u0161n\u00e9 p\u0159ihl\u00e1\u0161en\u00ed na kurz je nutn\u00e9 vyplnit p\u0159ihl\u00e1\u0161ku.<\/li>\n\n\n\n<li>K absolvov\u00e1n\u00ed kurzu je nezbytn\u00e1 aktivn\u00ed \u00fa\u010dast na cel\u00e9m kurzu, pokud frekventant neabsolvuje cel\u00fd kurz nebude p\u0159ipu\u0161t\u011bn ke zkou\u0161k\u00e1m (vyjma baz\u00e9nu, zde je \u00fa\u010dast doporu\u010dena, ze zdravotn\u00edch d\u016fvod\u016f je mo\u017en\u00e1 i pasivn\u00ed).<\/li>\n\n\n\n<li>P\u0159i absenci do 3 p\u0159edn\u00e1\u0161kov\u00fdch hodin dost\u00e1v\u00e1 frekventant n\u00e1hradn\u00ed pr\u00e1ci.<\/li>\n\n\n\n<li>P\u0159i absenci v\u00edce ne\u017e 3 p\u0159edn\u00e1\u0161kov\u00e9 hodiny nebude frekventant p\u0159ipu\u0161t\u011bn ke zkou\u0161ce.<\/li>\n\n\n\n<li>Dekret obdr\u017e\u00ed i \u00fa\u010dastn\u00edk mlad\u0161\u00ed 18-ti let, platn\u00fd je v\u0161ak a\u017e v den jeho plnoletosti.<\/li>\n<\/ol>\n\n\n\n<h4 class=\"wp-block-heading\">Pravidla zkou\u0161ek<\/h4>\n\n\n\n<p>Ka\u017ed\u00fd frekventant pro \u00fasp\u011b\u0161n\u00e9 absolvov\u00e1n\u00ed kurzu mus\u00ed splnit p\u00edsemnou a praktickou zkou\u0161ku.<\/p>\n\n\n\n<p><strong>Co se m\u016f\u017ee st\u00e1t:<\/strong><\/p>\n\n\n\n<p>a) Frekventant spln\u00ed ob\u011b zkou\u0161ky \u2013 obdr\u017e\u00ed dekret<\/p>\n\n\n\n<p>b) Frekventant spln\u00ed zkou\u0161ku praktickou, nespln\u00ed teoretickou \u010d\u00e1st:<\/p>\n\n\n\n<p><p style=\"padding-left: 25px;\">1) opakuje dvakr\u00e1t p\u00edsemn\u00fd test <\/p><\/p>\n\n\n\n<p style=\"padding-left: 25px;\">2) frekventant nenap\u00ed\u0161e opravn\u00fd testy \u2013 opakuje znova cel\u00fd zdravotnick\u00fd kurz<\/p>\n\n\n\n<p>c) Frekventant spln\u00ed zkou\u0161ku teoretickou, nespln\u00ed praktickou:<\/p>\n\n\n\n<p><p style=\"padding-left: 25px;\">1) opakuje v n\u00e1hradn\u00edm term\u00ednu praktickou zkou\u0161ku, neusp\u011bje-li, mus\u00ed opakovat znovu cel\u00fd kurz <\/p><\/p>\n\n\n\n<p>d) Frekventant nespln\u00ed jak teoretickou zkou\u0161ku, tak praktickou zkou\u0161ku \u2013 opakuje cel\u00fd kurz<\/p>\n\n\n\n<div style=\"height:100px\" aria-hidden=\"true\" class=\"wp-block-spacer\"><\/div>\n","protected":false},"excerpt":{"rendered":"<p>Kurz se skl\u00e1d\u00e1 ze 2 v\u00edkendov\u00fdch v\u00fdukov\u00fdch setk\u00e1n\u00ed, kter\u00e9 zahrnuj\u00ed zkou\u0161ky Pravidla zkou\u0161ek Ka\u017ed\u00fd frekventant pro \u00fasp\u011b\u0161n\u00e9 absolvov\u00e1n\u00ed kurzu mus\u00ed splnit p\u00edsemnou a praktickou zkou\u0161ku. Co se m\u016f\u017ee st\u00e1t: a) Frekventant spln\u00ed ob\u011b zkou\u0161ky \u2013 obdr\u017e\u00ed dekret b) Frekventant spln\u00ed zkou\u0161ku praktickou, nespln\u00ed teoretickou \u010d\u00e1st: 1) opakuje dvakr\u00e1t p\u00edsemn\u00fd test 2) frekventant nenap\u00ed\u0161e opravn\u00fd testy [&hellip;]<\/p>\n","protected":false},"author":1,"featured_media":0,"parent":0,"menu_order":0,"comment_status":"closed","ping_status":"closed","template":"full_width.php","meta":{"site-sidebar-layout":"default","site-content-layout":"","ast-site-content-layout":"default","site-content-style":"default","site-sidebar-style":"default","ast-global-header-display":"","ast-banner-title-visibility":"","ast-main-header-display":"","ast-hfb-above-header-display":"","ast-hfb-below-header-display":"","ast-hfb-mobile-header-display":"","site-post-title":"","ast-breadcrumbs-content":"","ast-featured-img":"","footer-sml-layout":"","ast-disable-related-posts":"","theme-transparent-header-meta":"","adv-header-id-meta":"","stick-header-meta":"","header-above-stick-meta":"","header-main-stick-meta":"","header-below-stick-meta":"","astra-migrate-meta-layouts":"set","ast-page-background-enabled":"default","ast-page-background-meta":{"desktop":{"background-color":"var(--ast-global-color-4)","background-image":"","background-repeat":"repeat","background-position":"center center","background-size":"auto","background-attachment":"scroll","background-type":"","background-media":"","overlay-type":"","overlay-color":"","overlay-opacity":"","overlay-gradient":""},"tablet":{"background-color":"","background-image":"","background-repeat":"repeat","background-position":"center center","background-size":"auto","background-attachment":"scroll","background-type":"","background-media":"","overlay-type":"","overlay-color":"","overlay-opacity":"","overlay-gradient":""},"mobile":{"background-color":"","background-image":"","background-repeat":"repeat","background-position":"center center","background-size":"auto","background-attachment":"scroll","background-type":"","background-media":"","overlay-type":"","overlay-color":"","overlay-opacity":"","overlay-gradient":""}},"ast-content-background-meta":{"desktop":{"background-color":"var(--ast-global-color-5)","background-image":"","background-repeat":"repeat","background-position":"center center","background-size":"auto","background-attachment":"scroll","background-type":"","background-media":"","overlay-type":"","overlay-color":"","overlay-opacity":"","overlay-gradient":""},"tablet":{"background-color":"var(--ast-global-color-5)","background-image":"","background-repeat":"repeat","background-position":"center center","background-size":"auto","background-attachment":"scroll","background-type":"","background-media":"","overlay-type":"","overlay-color":"","overlay-opacity":"","overlay-gradient":""},"mobile":{"background-color":"var(--ast-global-color-5)","background-image":"","background-repeat":"repeat","background-position":"center center","background-size":"auto","background-attachment":"scroll","background-type":"","background-media":"","overlay-type":"","overlay-color":"","overlay-opacity":"","overlay-gradient":""}},"footnotes":""},"class_list":["post-16444","page","type-page","status-publish","hentry"],"_links":{"self":[{"href":"https:\/\/zza.orlicemb.cz\/subdom\/zza\/wp-json\/wp\/v2\/pages\/16444","targetHints":{"allow":["GET"]}}],"collection":[{"href":"https:\/\/zza.orlicemb.cz\/subdom\/zza\/wp-json\/wp\/v2\/pages"}],"about":[{"href":"https:\/\/zza.orlicemb.cz\/subdom\/zza\/wp-json\/wp\/v2\/types\/page"}],"author":[{"embeddable":true,"href":"https:\/\/zza.orlicemb.cz\/subdom\/zza\/wp-json\/wp\/v2\/users\/1"}],"replies":[{"embeddable":true,"href":"https:\/\/zza.orlicemb.cz\/subdom\/zza\/wp-json\/wp\/v2\/comments?post=16444"}],"version-history":[{"count":14,"href":"https:\/\/zza.orlicemb.cz\/subdom\/zza\/wp-json\/wp\/v2\/pages\/16444\/revisions"}],"predecessor-version":[{"id":17235,"href":"https:\/\/zza.orlicemb.cz\/subdom\/zza\/wp-json\/wp\/v2\/pages\/16444\/revisions\/17235"}],"wp:attachment":[{"href":"https:\/\/zza.orlicemb.cz\/subdom\/zza\/wp-json\/wp\/v2\/media?parent=16444"}],"curies":[{"name":"wp","href":"https:\/\/api.w.org\/{rel}","templated":true}]}}