{"id":16277,"date":"2016-03-08T15:42:30","date_gmt":"2016-03-08T15:42:30","guid":{"rendered":"http:\/\/zza.orlicemb.cz\/subdom\/zza\/?page_id=16277"},"modified":"2024-02-27T13:02:06","modified_gmt":"2024-02-27T13:02:06","slug":"registrace","status":"publish","type":"page","link":"https:\/\/zza.orlicemb.cz\/subdom\/zza\/registrace\/","title":{"rendered":"Registrace"},"content":{"rendered":"\n<h2 class=\"wp-block-heading has-text-align-center\" id=\"ZZA\">Registrace na kurz ZZA<\/h2>\n\n\n\n<p class=\"has-text-align-center\"><\/p>\n\n\n\n<div class=\"wp-block-group is-layout-constrained wp-block-group-is-layout-constrained\"><div id=\"erf_form_container_17175\" class=\"erf-container erf-contact erf-label-top erf-layout-two-column erf-style-rounded-corner\">\n        \n    \n        Kapacita napln\u011bna<br> \n            \n<\/div>\n\n<\/div>\n\n\n\n<figure class=\"wp-block-image\"><img loading=\"lazy\" decoding=\"async\" width=\"1024\" height=\"18\" src=\"http:\/\/zza.orlicemb.cz\/subdom\/zza\/wp-content\/uploads\/2018\/12\/white-e1545397287973-1024x18.png\" alt=\"\" class=\"wp-image-16713\" srcset=\"https:\/\/zza.orlicemb.cz\/subdom\/zza\/wp-content\/uploads\/2018\/12\/white-e1545397287973-1024x18.png 1024w, https:\/\/zza.orlicemb.cz\/subdom\/zza\/wp-content\/uploads\/2018\/12\/white-e1545397287973-300x5.png 300w, https:\/\/zza.orlicemb.cz\/subdom\/zza\/wp-content\/uploads\/2018\/12\/white-e1545397287973-768x13.png 768w\" sizes=\"auto, (max-width: 1024px) 100vw, 1024px\" \/><\/figure>\n\n\n\n<div style=\"height:28px\" aria-hidden=\"true\" class=\"wp-block-spacer\"><\/div>\n\n\n\n<h2 class=\"wp-block-heading has-text-align-center\">Registrace na do\u0161kolovac\u00ed kurz ZZA<\/h2>\n\n\n\n<div style=\"height:28px\" aria-hidden=\"true\" class=\"wp-block-spacer\"><\/div>\n\n\n\n<p class=\"has-text-align-center\">Kapacita byla napln\u011bna.<\/p>\n","protected":false},"excerpt":{"rendered":"<p>Registrace na kurz ZZA Registrace na do\u0161kolovac\u00ed kurz ZZA Kapacita byla napln\u011bna.<\/p>\n","protected":false},"author":1,"featured_media":0,"parent":0,"menu_order":0,"comment_status":"closed","ping_status":"closed","template":"","meta":{"site-sidebar-layout":"default","site-content-layout":"","ast-site-content-layout":"default","site-content-style":"default","site-sidebar-style":"default","ast-global-header-display":"","ast-banner-title-visibility":"","ast-main-header-display":"","ast-hfb-above-header-display":"","ast-hfb-below-header-display":"","ast-hfb-mobile-header-display":"","site-post-title":"","ast-breadcrumbs-content":"","ast-featured-img":"","footer-sml-layout":"","ast-disable-related-posts":"","theme-transparent-header-meta":"","adv-header-id-meta":"","stick-header-meta":"","header-above-stick-meta":"","header-main-stick-meta":"","header-below-stick-meta":"","astra-migrate-meta-layouts":"set","ast-page-background-enabled":"default","ast-page-background-meta":{"desktop":{"background-color":"var(--ast-global-color-4)","background-image":"","background-repeat":"repeat","background-position":"center center","background-size":"auto","background-attachment":"scroll","background-type":"","background-media":"","overlay-type":"","overlay-color":"","overlay-opacity":"","overlay-gradient":""},"tablet":{"background-color":"","background-image":"","background-repeat":"repeat","background-position":"center center","background-size":"auto","background-attachment":"scroll","background-type":"","background-media":"","overlay-type":"","overlay-color":"","overlay-opacity":"","overlay-gradient":""},"mobile":{"background-color":"","background-image":"","background-repeat":"repeat","background-position":"center center","background-size":"auto","background-attachment":"scroll","background-type":"","background-media":"","overlay-type":"","overlay-color":"","overlay-opacity":"","overlay-gradient":""}},"ast-content-background-meta":{"desktop":{"background-color":"var(--ast-global-color-5)","background-image":"","background-repeat":"repeat","background-position":"center center","background-size":"auto","background-attachment":"scroll","background-type":"","background-media":"","overlay-type":"","overlay-color":"","overlay-opacity":"","overlay-gradient":""},"tablet":{"background-color":"var(--ast-global-color-5)","background-image":"","background-repeat":"repeat","background-position":"center center","background-size":"auto","background-attachment":"scroll","background-type":"","background-media":"","overlay-type":"","overlay-color":"","overlay-opacity":"","overlay-gradient":""},"mobile":{"background-color":"var(--ast-global-color-5)","background-image":"","background-repeat":"repeat","background-position":"center center","background-size":"auto","background-attachment":"scroll","background-type":"","background-media":"","overlay-type":"","overlay-color":"","overlay-opacity":"","overlay-gradient":""}},"footnotes":""},"class_list":["post-16277","page","type-page","status-publish","hentry"],"_links":{"self":[{"href":"https:\/\/zza.orlicemb.cz\/subdom\/zza\/wp-json\/wp\/v2\/pages\/16277","targetHints":{"allow":["GET"]}}],"collection":[{"href":"https:\/\/zza.orlicemb.cz\/subdom\/zza\/wp-json\/wp\/v2\/pages"}],"about":[{"href":"https:\/\/zza.orlicemb.cz\/subdom\/zza\/wp-json\/wp\/v2\/types\/page"}],"author":[{"embeddable":true,"href":"https:\/\/zza.orlicemb.cz\/subdom\/zza\/wp-json\/wp\/v2\/users\/1"}],"replies":[{"embeddable":true,"href":"https:\/\/zza.orlicemb.cz\/subdom\/zza\/wp-json\/wp\/v2\/comments?post=16277"}],"version-history":[{"count":53,"href":"https:\/\/zza.orlicemb.cz\/subdom\/zza\/wp-json\/wp\/v2\/pages\/16277\/revisions"}],"predecessor-version":[{"id":17177,"href":"https:\/\/zza.orlicemb.cz\/subdom\/zza\/wp-json\/wp\/v2\/pages\/16277\/revisions\/17177"}],"wp:attachment":[{"href":"https:\/\/zza.orlicemb.cz\/subdom\/zza\/wp-json\/wp\/v2\/media?parent=16277"}],"curies":[{"name":"wp","href":"https:\/\/api.w.org\/{rel}","templated":true}]}}